{"id":807,"date":"2023-03-21T01:09:59","date_gmt":"2023-03-21T01:09:59","guid":{"rendered":"https:\/\/marbea.la\/web\/?page_id=807"},"modified":"2023-03-23T20:37:15","modified_gmt":"2023-03-23T20:37:15","slug":"marbea-presupuesto","status":"publish","type":"page","link":"https:\/\/marbea.la\/web\/marbea-presupuesto\/","title":{"rendered":"Marbea \u2022 Presupuesto"},"content":{"rendered":"\t\t<div data-elementor-type=\"wp-page\" data-elementor-id=\"807\" class=\"elementor elementor-807\" data-elementor-post-type=\"page\">\n\t\t\t\t\t\t<section class=\"elementor-section elementor-top-section elementor-element elementor-element-68d0c69 elementor-section-boxed elementor-section-height-default elementor-section-height-default\" data-id=\"68d0c69\" data-element_type=\"section\">\n\t\t\t\t\t\t<div class=\"elementor-container elementor-column-gap-default\">\n\t\t\t\t\t<div class=\"elementor-column elementor-col-100 elementor-top-column elementor-element elementor-element-ba7a5fb\" data-id=\"ba7a5fb\" data-element_type=\"column\">\n\t\t\t<div class=\"elementor-widget-wrap elementor-element-populated\">\n\t\t\t\t\t\t<div class=\"elementor-element elementor-element-5997cfe elementor-widget elementor-widget-spacer\" data-id=\"5997cfe\" data-element_type=\"widget\" data-widget_type=\"spacer.default\">\n\t\t\t\t<div class=\"elementor-widget-container\">\n\t\t\t\t\t\t\t<div class=\"elementor-spacer\">\n\t\t\t<div class=\"elementor-spacer-inner\"><\/div>\n\t\t<\/div>\n\t\t\t\t\t\t<\/div>\n\t\t\t\t<\/div>\n\t\t\t\t\t<\/div>\n\t\t<\/div>\n\t\t\t\t\t<\/div>\n\t\t<\/section>\n\t\t\t\t<section class=\"elementor-section elementor-top-section elementor-element elementor-element-9217fbf elementor-section-boxed elementor-section-height-default elementor-section-height-default\" data-id=\"9217fbf\" data-element_type=\"section\" data-settings=\"{&quot;background_background&quot;:&quot;classic&quot;}\">\n\t\t\t\t\t\t<div class=\"elementor-container elementor-column-gap-default\">\n\t\t\t\t\t<div class=\"elementor-column elementor-col-100 elementor-top-column elementor-element elementor-element-2c92db9\" data-id=\"2c92db9\" data-element_type=\"column\">\n\t\t\t<div class=\"elementor-widget-wrap elementor-element-populated\">\n\t\t\t\t\t\t<div class=\"elementor-element elementor-element-a5157fa elementor-widget elementor-widget-spacer\" data-id=\"a5157fa\" data-element_type=\"widget\" data-widget_type=\"spacer.default\">\n\t\t\t\t<div class=\"elementor-widget-container\">\n\t\t\t\t\t\t\t<div class=\"elementor-spacer\">\n\t\t\t<div class=\"elementor-spacer-inner\"><\/div>\n\t\t<\/div>\n\t\t\t\t\t\t<\/div>\n\t\t\t\t<\/div>\n\t\t\t\t\t<\/div>\n\t\t<\/div>\n\t\t\t\t\t<\/div>\n\t\t<\/section>\n\t\t\t\t<section class=\"elementor-section elementor-top-section elementor-element elementor-element-f1b5a8d elementor-section-boxed elementor-section-height-default elementor-section-height-default\" data-id=\"f1b5a8d\" data-element_type=\"section\">\n\t\t\t\t\t\t<div class=\"elementor-container elementor-column-gap-default\">\n\t\t\t\t\t<div class=\"elementor-column elementor-col-100 elementor-top-column elementor-element elementor-element-4d0e97c\" data-id=\"4d0e97c\" data-element_type=\"column\">\n\t\t\t<div class=\"elementor-widget-wrap elementor-element-populated\">\n\t\t\t\t\t\t<div class=\"elementor-element elementor-element-3743085 elementor-widget elementor-widget-spacer\" data-id=\"3743085\" data-element_type=\"widget\" data-widget_type=\"spacer.default\">\n\t\t\t\t<div class=\"elementor-widget-container\">\n\t\t\t\t\t\t\t<div class=\"elementor-spacer\">\n\t\t\t<div class=\"elementor-spacer-inner\"><\/div>\n\t\t<\/div>\n\t\t\t\t\t\t<\/div>\n\t\t\t\t<\/div>\n\t\t\t\t\t<\/div>\n\t\t<\/div>\n\t\t\t\t\t<\/div>\n\t\t<\/section>\n\t\t\t\t<section class=\"elementor-section elementor-top-section elementor-element elementor-element-81c129b elementor-section-boxed elementor-section-height-default elementor-section-height-default\" data-id=\"81c129b\" data-element_type=\"section\">\n\t\t\t\t\t\t<div class=\"elementor-container elementor-column-gap-default\">\n\t\t\t\t\t<div class=\"elementor-column elementor-col-100 elementor-top-column elementor-element elementor-element-4b0377b\" data-id=\"4b0377b\" data-element_type=\"column\">\n\t\t\t<div class=\"elementor-widget-wrap elementor-element-populated\">\n\t\t\t\t\t\t<div class=\"elementor-element elementor-element-c20ea63 elementor-button-align-stretch elementor-widget elementor-widget-form\" data-id=\"c20ea63\" data-element_type=\"widget\" data-settings=\"{&quot;step_next_label&quot;:&quot;Siguiente&quot;,&quot;step_previous_label&quot;:&quot;Anterior&quot;,&quot;button_width&quot;:&quot;100&quot;,&quot;step_type&quot;:&quot;number_text&quot;,&quot;step_icon_shape&quot;:&quot;circle&quot;}\" data-widget_type=\"form.default\">\n\t\t\t\t<div class=\"elementor-widget-container\">\n\t\t\t\t\t\t\t<form class=\"elementor-form\" method=\"post\" name=\"Presupuesto\">\n\t\t\t<input type=\"hidden\" name=\"post_id\" value=\"807\"\/>\n\t\t\t<input type=\"hidden\" name=\"form_id\" value=\"c20ea63\"\/>\n\t\t\t<input type=\"hidden\" name=\"referer_title\" value=\"Marbea Shipping\" \/>\n\n\t\t\t\n\t\t\t<div class=\"elementor-form-fields-wrapper elementor-labels-above\">\n\t\t\t\t\t\t\t\t<div class=\"elementor-field-type-checkbox elementor-field-group elementor-column elementor-field-group-field_b722287 elementor-col-100\">\n\t\t\t\t\t\t\t\t\t\t\t\t<label for=\"form-field-field_b722287\" class=\"elementor-field-label\">\n\t\t\t\t\t\t\t\tServicio\t\t\t\t\t\t\t<\/label>\n\t\t\t\t\t\t<div class=\"elementor-field-subgroup  elementor-subgroup-inline\"><span class=\"elementor-field-option\"><input type=\"checkbox\" value=\"FCL\" id=\"form-field-field_b722287-0\" name=\"form_fields[field_b722287][]\"> <label for=\"form-field-field_b722287-0\">FCL<\/label><\/span><span class=\"elementor-field-option\"><input type=\"checkbox\" value=\"LCL\" id=\"form-field-field_b722287-1\" name=\"form_fields[field_b722287][]\"> <label for=\"form-field-field_b722287-1\">LCL<\/label><\/span><span class=\"elementor-field-option\"><input type=\"checkbox\" value=\"AIR\" id=\"form-field-field_b722287-2\" name=\"form_fields[field_b722287][]\"> <label for=\"form-field-field_b722287-2\">AIR<\/label><\/span><span class=\"elementor-field-option\"><input type=\"checkbox\" value=\"GROUND\" id=\"form-field-field_b722287-3\" name=\"form_fields[field_b722287][]\"> <label for=\"form-field-field_b722287-3\">GROUND<\/label><\/span><\/div>\t\t\t\t<\/div>\n\t\t\t\t\t\t\t\t<div class=\"elementor-field-type-text elementor-field-group elementor-column elementor-field-group-name elementor-col-50 elementor-field-required elementor-mark-required\">\n\t\t\t\t\t\t\t\t\t\t\t\t<label for=\"form-field-name\" class=\"elementor-field-label\">\n\t\t\t\t\t\t\t\tNombre\t\t\t\t\t\t\t<\/label>\n\t\t\t\t\t\t\t\t\t\t\t\t\t\t<input size=\"1\" type=\"text\" name=\"form_fields[name]\" id=\"form-field-name\" class=\"elementor-field elementor-size-sm  elementor-field-textual\" placeholder=\"Nombre\" required=\"required\" aria-required=\"true\">\n\t\t\t\t\t\t\t\t\t\t\t<\/div>\n\t\t\t\t\t\t\t\t<div class=\"elementor-field-type-text elementor-field-group elementor-column elementor-field-group-field_95c2f22 elementor-col-50 elementor-field-required elementor-mark-required\">\n\t\t\t\t\t\t\t\t\t\t\t\t<label for=\"form-field-field_95c2f22\" class=\"elementor-field-label\">\n\t\t\t\t\t\t\t\tApellido\t\t\t\t\t\t\t<\/label>\n\t\t\t\t\t\t\t\t\t\t\t\t\t\t<input size=\"1\" type=\"text\" name=\"form_fields[field_95c2f22]\" id=\"form-field-field_95c2f22\" class=\"elementor-field elementor-size-sm  elementor-field-textual\" required=\"required\" aria-required=\"true\">\n\t\t\t\t\t\t\t\t\t\t\t<\/div>\n\t\t\t\t\t\t\t\t<div class=\"elementor-field-type-email elementor-field-group elementor-column elementor-field-group-email elementor-col-50 elementor-field-required elementor-mark-required\">\n\t\t\t\t\t\t\t\t\t\t\t\t<label for=\"form-field-email\" class=\"elementor-field-label\">\n\t\t\t\t\t\t\t\tEmail\t\t\t\t\t\t\t<\/label>\n\t\t\t\t\t\t\t\t\t\t\t\t\t\t<input size=\"1\" type=\"email\" name=\"form_fields[email]\" id=\"form-field-email\" class=\"elementor-field elementor-size-sm  elementor-field-textual\" placeholder=\"Email\" required=\"required\" aria-required=\"true\">\n\t\t\t\t\t\t\t\t\t\t\t<\/div>\n\t\t\t\t\t\t\t\t<div class=\"elementor-field-type-text elementor-field-group elementor-column elementor-field-group-field_916a340 elementor-col-50 elementor-field-required elementor-mark-required\">\n\t\t\t\t\t\t\t\t\t\t\t\t<label for=\"form-field-field_916a340\" class=\"elementor-field-label\">\n\t\t\t\t\t\t\t\tTel\u00e9fono\t\t\t\t\t\t\t<\/label>\n\t\t\t\t\t\t\t\t\t\t\t\t\t\t<input size=\"1\" type=\"text\" name=\"form_fields[field_916a340]\" id=\"form-field-field_916a340\" class=\"elementor-field elementor-size-sm  elementor-field-textual\" placeholder=\"Tel\u00e9fono\" required=\"required\" aria-required=\"true\">\n\t\t\t\t\t\t\t\t\t\t\t<\/div>\n\t\t\t\t\t\t\t\t<div class=\"elementor-field-type-text elementor-field-group elementor-column elementor-field-group-field_a1a72f4 elementor-col-50 elementor-field-required elementor-mark-required\">\n\t\t\t\t\t\t\t\t\t\t\t\t<label for=\"form-field-field_a1a72f4\" class=\"elementor-field-label\">\n\t\t\t\t\t\t\t\tOrigen\t\t\t\t\t\t\t<\/label>\n\t\t\t\t\t\t\t\t\t\t\t\t\t\t<input size=\"1\" type=\"text\" name=\"form_fields[field_a1a72f4]\" id=\"form-field-field_a1a72f4\" class=\"elementor-field elementor-size-sm  elementor-field-textual\" placeholder=\"Origen\" required=\"required\" aria-required=\"true\">\n\t\t\t\t\t\t\t\t\t\t\t<\/div>\n\t\t\t\t\t\t\t\t<div class=\"elementor-field-type-text elementor-field-group elementor-column elementor-field-group-field_3b3e1c1 elementor-col-50 elementor-field-required elementor-mark-required\">\n\t\t\t\t\t\t\t\t\t\t\t\t<label for=\"form-field-field_3b3e1c1\" class=\"elementor-field-label\">\n\t\t\t\t\t\t\t\tDestino\t\t\t\t\t\t\t<\/label>\n\t\t\t\t\t\t\t\t\t\t\t\t\t\t<input size=\"1\" type=\"text\" name=\"form_fields[field_3b3e1c1]\" id=\"form-field-field_3b3e1c1\" class=\"elementor-field elementor-size-sm  elementor-field-textual\" placeholder=\"Destino\" required=\"required\" aria-required=\"true\">\n\t\t\t\t\t\t\t\t\t\t\t<\/div>\n\t\t\t\t\t\t\t\t<div class=\"elementor-field-type-textarea elementor-field-group elementor-column elementor-field-group-message elementor-col-100 elementor-field-required elementor-mark-required\">\n\t\t\t\t\t\t\t\t\t\t\t\t<label for=\"form-field-message\" class=\"elementor-field-label\">\n\t\t\t\t\t\t\t\tMensaje\t\t\t\t\t\t\t<\/label>\n\t\t\t\t\t\t<textarea class=\"elementor-field-textual elementor-field  elementor-size-sm\" name=\"form_fields[message]\" id=\"form-field-message\" rows=\"4\" placeholder=\"Mensaje\" required=\"required\" aria-required=\"true\"><\/textarea>\t\t\t\t<\/div>\n\t\t\t\t\t\t\t\t<div class=\"elementor-field-group elementor-column elementor-field-type-submit elementor-col-100 e-form__buttons\">\n\t\t\t\t\t<button class=\"elementor-button elementor-size-sm\" type=\"submit\">\n\t\t\t\t\t\t<span class=\"elementor-button-content-wrapper\">\n\t\t\t\t\t\t\t\t\t\t\t\t\t\t\t\t\t\t\t\t\t\t<span class=\"elementor-button-text\">Enviar<\/span>\n\t\t\t\t\t\t\t\t\t\t\t\t\t<\/span>\n\t\t\t\t\t<\/button>\n\t\t\t\t<\/div>\n\t\t\t<\/div>\n\t\t<\/form>\n\t\t\t\t\t\t<\/div>\n\t\t\t\t<\/div>\n\t\t\t\t\t<\/div>\n\t\t<\/div>\n\t\t\t\t\t<\/div>\n\t\t<\/section>\n\t\t\t\t<section class=\"elementor-section elementor-top-section elementor-element elementor-element-c9f291f elementor-section-boxed elementor-section-height-default elementor-section-height-default\" data-id=\"c9f291f\" data-element_type=\"section\">\n\t\t\t\t\t\t<div class=\"elementor-container elementor-column-gap-default\">\n\t\t\t\t\t<div class=\"elementor-column elementor-col-100 elementor-top-column elementor-element elementor-element-2087014\" data-id=\"2087014\" data-element_type=\"column\">\n\t\t\t<div class=\"elementor-widget-wrap elementor-element-populated\">\n\t\t\t\t\t\t<div class=\"elementor-element elementor-element-d5119c4 elementor-widget elementor-widget-spacer\" data-id=\"d5119c4\" data-element_type=\"widget\" data-widget_type=\"spacer.default\">\n\t\t\t\t<div class=\"elementor-widget-container\">\n\t\t\t\t\t\t\t<div class=\"elementor-spacer\">\n\t\t\t<div class=\"elementor-spacer-inner\"><\/div>\n\t\t<\/div>\n\t\t\t\t\t\t<\/div>\n\t\t\t\t<\/div>\n\t\t\t\t\t<\/div>\n\t\t<\/div>\n\t\t\t\t\t<\/div>\n\t\t<\/section>\n\t\t\t\t<section class=\"elementor-section elementor-top-section elementor-element elementor-element-d5e7024 elementor-section-boxed elementor-section-height-default elementor-section-height-default\" data-id=\"d5e7024\" data-element_type=\"section\">\n\t\t\t\t\t\t<div class=\"elementor-container elementor-column-gap-default\">\n\t\t\t\t\t<div class=\"elementor-column elementor-col-100 elementor-top-column elementor-element elementor-element-e90bf54\" data-id=\"e90bf54\" data-element_type=\"column\">\n\t\t\t<div class=\"elementor-widget-wrap elementor-element-populated\">\n\t\t\t\t\t\t<div class=\"elementor-element elementor-element-8aa0058 elementor-widget elementor-widget-text-editor\" data-id=\"8aa0058\" data-element_type=\"widget\" data-widget_type=\"text-editor.default\">\n\t\t\t\t<div class=\"elementor-widget-container\">\n\t\t\t\t\t\t\t\t\t<p>Nos tomamos muy en serio cada solicitud que recibimos y nos aseguramos de proporcionar una respuesta detallada y personalizada. Por eso, le pedimos un poco de paciencia mientras revisamos su solicitud y preparamos la mejor opci\u00f3n de acuerdo a sus necesidades.<\/p><p>Nos comprometemos a enviarle una respuesta a la brevedad posible, tan pronto como hayamos finalizado el an\u00e1lisis. Queremos asegurarnos de que est\u00e9 completamente satisfecho con nuestro servicio y estamos seguros de que podemos proporcionarle una soluci\u00f3n perfecta para sus necesidades.<\/p>\t\t\t\t\t\t\t\t<\/div>\n\t\t\t\t<\/div>\n\t\t\t\t\t<\/div>\n\t\t<\/div>\n\t\t\t\t\t<\/div>\n\t\t<\/section>\n\t\t\t\t<section class=\"elementor-section elementor-top-section elementor-element elementor-element-9b6d494 elementor-section-boxed elementor-section-height-default elementor-section-height-default\" data-id=\"9b6d494\" data-element_type=\"section\">\n\t\t\t\t\t\t<div class=\"elementor-container elementor-column-gap-default\">\n\t\t\t\t\t<div class=\"elementor-column elementor-col-100 elementor-top-column elementor-element elementor-element-9548e3a\" data-id=\"9548e3a\" data-element_type=\"column\">\n\t\t\t<div class=\"elementor-widget-wrap elementor-element-populated\">\n\t\t\t\t\t\t<div class=\"elementor-element elementor-element-020f210 elementor-widget elementor-widget-spacer\" data-id=\"020f210\" data-element_type=\"widget\" data-widget_type=\"spacer.default\">\n\t\t\t\t<div class=\"elementor-widget-container\">\n\t\t\t\t\t\t\t<div class=\"elementor-spacer\">\n\t\t\t<div class=\"elementor-spacer-inner\"><\/div>\n\t\t<\/div>\n\t\t\t\t\t\t<\/div>\n\t\t\t\t<\/div>\n\t\t\t\t\t<\/div>\n\t\t<\/div>\n\t\t\t\t\t<\/div>\n\t\t<\/section>\n\t\t\t\t<\/div>\n\t\t","protected":false},"excerpt":{"rendered":"<p>Nos tomamos muy en serio cada solicitud que recibimos y nos aseguramos de proporcionar una respuesta detallada y personalizada. Por eso, le pedimos un poco de paciencia mientras revisamos su solicitud y preparamos la mejor opci\u00f3n de acuerdo a sus necesidades. Nos comprometemos a enviarle una respuesta a la brevedad posible, tan pronto como hayamos [&hellip;]<\/p>\n","protected":false},"author":1,"featured_media":0,"parent":0,"menu_order":0,"comment_status":"closed","ping_status":"closed","template":"elementor_header_footer","meta":{"footnotes":""},"tipo-de-servicio":[],"class_list":["post-807","page","type-page","status-publish","hentry"],"yoast_head":"<!-- This site is optimized with the Yoast SEO plugin v27.5 - https:\/\/yoast.com\/product\/yoast-seo-wordpress\/ -->\n<title>Marbea \u2022 Presupuesto - Marbea Shipping<\/title>\n<meta name=\"robots\" content=\"index, follow, max-snippet:-1, max-image-preview:large, max-video-preview:-1\" \/>\n<link rel=\"canonical\" href=\"https:\/\/marbea.la\/web\/marbea-presupuesto\/\" \/>\n<meta property=\"og:locale\" content=\"es_ES\" \/>\n<meta property=\"og:type\" content=\"article\" \/>\n<meta property=\"og:title\" content=\"Marbea \u2022 Presupuesto - Marbea Shipping\" \/>\n<meta property=\"og:description\" content=\"Nos tomamos muy en serio cada solicitud que recibimos y nos aseguramos de proporcionar una respuesta detallada y personalizada. Por eso, le pedimos un poco de paciencia mientras revisamos su solicitud y preparamos la mejor opci\u00f3n de acuerdo a sus necesidades. Nos comprometemos a enviarle una respuesta a la brevedad posible, tan pronto como hayamos [&hellip;]\" \/>\n<meta property=\"og:url\" content=\"https:\/\/marbea.la\/web\/marbea-presupuesto\/\" \/>\n<meta property=\"og:site_name\" content=\"Marbea Shipping\" \/>\n<meta property=\"article:modified_time\" content=\"2023-03-23T20:37:15+00:00\" \/>\n<meta name=\"twitter:card\" content=\"summary_large_image\" \/>\n<meta name=\"twitter:label1\" content=\"Tiempo de lectura\" \/>\n\t<meta name=\"twitter:data1\" content=\"1 minuto\" \/>\n<script type=\"application\/ld+json\" class=\"yoast-schema-graph\">{\"@context\":\"https:\\\/\\\/schema.org\",\"@graph\":[{\"@type\":\"WebPage\",\"@id\":\"https:\\\/\\\/marbea.la\\\/web\\\/marbea-presupuesto\\\/\",\"url\":\"https:\\\/\\\/marbea.la\\\/web\\\/marbea-presupuesto\\\/\",\"name\":\"Marbea \u2022 Presupuesto - Marbea Shipping\",\"isPartOf\":{\"@id\":\"https:\\\/\\\/marbea.la\\\/web\\\/#website\"},\"datePublished\":\"2023-03-21T01:09:59+00:00\",\"dateModified\":\"2023-03-23T20:37:15+00:00\",\"breadcrumb\":{\"@id\":\"https:\\\/\\\/marbea.la\\\/web\\\/marbea-presupuesto\\\/#breadcrumb\"},\"inLanguage\":\"es\",\"potentialAction\":[{\"@type\":\"ReadAction\",\"target\":[\"https:\\\/\\\/marbea.la\\\/web\\\/marbea-presupuesto\\\/\"]}]},{\"@type\":\"BreadcrumbList\",\"@id\":\"https:\\\/\\\/marbea.la\\\/web\\\/marbea-presupuesto\\\/#breadcrumb\",\"itemListElement\":[{\"@type\":\"ListItem\",\"position\":1,\"name\":\"Home\",\"item\":\"https:\\\/\\\/marbea.la\\\/web\\\/\"},{\"@type\":\"ListItem\",\"position\":2,\"name\":\"Marbea \u2022 Presupuesto\"}]},{\"@type\":\"WebSite\",\"@id\":\"https:\\\/\\\/marbea.la\\\/web\\\/#website\",\"url\":\"https:\\\/\\\/marbea.la\\\/web\\\/\",\"name\":\"Marbea Shipping\",\"description\":\"Shipping Solutions\",\"potentialAction\":[{\"@type\":\"SearchAction\",\"target\":{\"@type\":\"EntryPoint\",\"urlTemplate\":\"https:\\\/\\\/marbea.la\\\/web\\\/?s={search_term_string}\"},\"query-input\":{\"@type\":\"PropertyValueSpecification\",\"valueRequired\":true,\"valueName\":\"search_term_string\"}}],\"inLanguage\":\"es\"}]}<\/script>\n<!-- \/ Yoast SEO plugin. -->","yoast_head_json":{"title":"Marbea \u2022 Presupuesto - Marbea Shipping","robots":{"index":"index","follow":"follow","max-snippet":"max-snippet:-1","max-image-preview":"max-image-preview:large","max-video-preview":"max-video-preview:-1"},"canonical":"https:\/\/marbea.la\/web\/marbea-presupuesto\/","og_locale":"es_ES","og_type":"article","og_title":"Marbea \u2022 Presupuesto - Marbea Shipping","og_description":"Nos tomamos muy en serio cada solicitud que recibimos y nos aseguramos de proporcionar una respuesta detallada y personalizada. Por eso, le pedimos un poco de paciencia mientras revisamos su solicitud y preparamos la mejor opci\u00f3n de acuerdo a sus necesidades. Nos comprometemos a enviarle una respuesta a la brevedad posible, tan pronto como hayamos [&hellip;]","og_url":"https:\/\/marbea.la\/web\/marbea-presupuesto\/","og_site_name":"Marbea Shipping","article_modified_time":"2023-03-23T20:37:15+00:00","twitter_card":"summary_large_image","twitter_misc":{"Tiempo de lectura":"1 minuto"},"schema":{"@context":"https:\/\/schema.org","@graph":[{"@type":"WebPage","@id":"https:\/\/marbea.la\/web\/marbea-presupuesto\/","url":"https:\/\/marbea.la\/web\/marbea-presupuesto\/","name":"Marbea \u2022 Presupuesto - Marbea Shipping","isPartOf":{"@id":"https:\/\/marbea.la\/web\/#website"},"datePublished":"2023-03-21T01:09:59+00:00","dateModified":"2023-03-23T20:37:15+00:00","breadcrumb":{"@id":"https:\/\/marbea.la\/web\/marbea-presupuesto\/#breadcrumb"},"inLanguage":"es","potentialAction":[{"@type":"ReadAction","target":["https:\/\/marbea.la\/web\/marbea-presupuesto\/"]}]},{"@type":"BreadcrumbList","@id":"https:\/\/marbea.la\/web\/marbea-presupuesto\/#breadcrumb","itemListElement":[{"@type":"ListItem","position":1,"name":"Home","item":"https:\/\/marbea.la\/web\/"},{"@type":"ListItem","position":2,"name":"Marbea \u2022 Presupuesto"}]},{"@type":"WebSite","@id":"https:\/\/marbea.la\/web\/#website","url":"https:\/\/marbea.la\/web\/","name":"Marbea Shipping","description":"Shipping Solutions","potentialAction":[{"@type":"SearchAction","target":{"@type":"EntryPoint","urlTemplate":"https:\/\/marbea.la\/web\/?s={search_term_string}"},"query-input":{"@type":"PropertyValueSpecification","valueRequired":true,"valueName":"search_term_string"}}],"inLanguage":"es"}]}},"_links":{"self":[{"href":"https:\/\/marbea.la\/web\/wp-json\/wp\/v2\/pages\/807","targetHints":{"allow":["GET"]}}],"collection":[{"href":"https:\/\/marbea.la\/web\/wp-json\/wp\/v2\/pages"}],"about":[{"href":"https:\/\/marbea.la\/web\/wp-json\/wp\/v2\/types\/page"}],"author":[{"embeddable":true,"href":"https:\/\/marbea.la\/web\/wp-json\/wp\/v2\/users\/1"}],"replies":[{"embeddable":true,"href":"https:\/\/marbea.la\/web\/wp-json\/wp\/v2\/comments?post=807"}],"version-history":[{"count":19,"href":"https:\/\/marbea.la\/web\/wp-json\/wp\/v2\/pages\/807\/revisions"}],"predecessor-version":[{"id":830,"href":"https:\/\/marbea.la\/web\/wp-json\/wp\/v2\/pages\/807\/revisions\/830"}],"wp:attachment":[{"href":"https:\/\/marbea.la\/web\/wp-json\/wp\/v2\/media?parent=807"}],"wp:term":[{"taxonomy":"tipo-de-servicio","embeddable":true,"href":"https:\/\/marbea.la\/web\/wp-json\/wp\/v2\/tipo-de-servicio?post=807"}],"curies":[{"name":"wp","href":"https:\/\/api.w.org\/{rel}","templated":true}]}}